{"id":4941,"date":"2025-11-08T18:29:09","date_gmt":"2025-11-08T18:29:09","guid":{"rendered":"https:\/\/astolat.se\/?page_id=4941"},"modified":"2025-12-07T21:10:38","modified_gmt":"2025-12-07T21:10:38","slug":"planer-kullar","status":"publish","type":"page","link":"https:\/\/astolat.se\/?page_id=4941","title":{"rendered":"Planer kullar"},"content":{"rendered":"\n<p>I b\u00f6rjan av 2026 planeras en kull efter Astolat&#8217;s Gillenia Galax &#8221;Gnista&#8221; och Light Of Dawn\u2019s Like A Legend &#8221;Isaak&#8221;. F\u00f6rhoppningen \u00e4r friska, stabila och arbetsglada hundar. Kullens ber\u00e4knade inavelsgrad p\u00e5 6 generationer \u00e4r 0 %. \u00c4r du intresserad av valp, tveka d\u00e5 inte att h\u00f6ra utav dig. <\/p>\n\n\n\n<p><\/p>\n\n\n<div id=\"pl-gb4941-69ee21e82d55e\"  class=\"panel-layout\" ><div id=\"pg-gb4941-69ee21e82d55e-0\"  class=\"panel-grid panel-no-style\" ><div id=\"pgc-gb4941-69ee21e82d55e-0-0\"  class=\"panel-grid-cell\" ><div id=\"panel-gb4941-69ee21e82d55e-0-0-0\" class=\"so-panel widget widget_sow-editor panel-first-child\" data-index=\"0\" ><div\n\t\t\t\n\t\t\tclass=\"so-widget-sow-editor so-widget-sow-editor-base\"\n\t\t\t\n\t\t>\n<div class=\"siteorigin-widget-tinymce textwidget\">\n\t<p><img decoding=\"async\" class=\"size-full wp-image-4942 aligncenter lazyload\" data-src=\"https:\/\/astolat.se\/wp-content\/uploads\/2025\/11\/6845cfa9a40c1.jpg\" alt=\"\" width=\"333\" height=\"250\" data-srcset=\"https:\/\/astolat.se\/wp-content\/uploads\/2025\/11\/6845cfa9a40c1.jpg 333w, https:\/\/astolat.se\/wp-content\/uploads\/2025\/11\/6845cfa9a40c1-75x56.jpg 75w\" data-sizes=\"(max-width: 333px) 100vw, 333px\" src=\"data:image\/svg+xml;base64,PHN2ZyB3aWR0aD0iMSIgaGVpZ2h0PSIxIiB4bWxucz0iaHR0cDovL3d3dy53My5vcmcvMjAwMC9zdmciPjwvc3ZnPg==\" style=\"--smush-placeholder-width: 333px; --smush-placeholder-aspect-ratio: 333\/250;\" \/><\/p>\n<p><em>DK UCH &amp; DK JUCH, NO JV-23,NO UCH,NORD V-23,SE V-24<\/em> <strong>Light <\/strong><strong>Of Dawn&#8217;s Like A Legend<\/strong> SE53297\/2022<\/p>\n<\/div>\n<\/div><\/div><div id=\"panel-gb4941-69ee21e82d55e-0-0-1\" class=\"so-panel widget widget_sow-editor panel-last-child\" data-index=\"1\" ><div class=\"panel-widget-style panel-widget-style-for-gb4941-69ee21e82d55e-0-0-1\" ><div\n\t\t\t\n\t\t\tclass=\"so-widget-sow-editor so-widget-sow-editor-base\"\n\t\t\t\n\t\t>\n<div class=\"siteorigin-widget-tinymce textwidget\">\n\t<p style=\"text-align: left;\">Isaak har HD A p\u00e5 h\u00f6fter och ED 0 p\u00e5 armb\u00e5garna. Han \u00e4r \u00f6gonlyst som valp och vuxen med resultat UA , och har gjort MH med godk\u00e4nt skott.<\/p>\n<\/div>\n<\/div><\/div><\/div><\/div><div id=\"pgc-gb4941-69ee21e82d55e-0-1\"  class=\"panel-grid-cell\" ><div id=\"panel-gb4941-69ee21e82d55e-0-1-0\" class=\"so-panel widget widget_sow-editor panel-first-child\" data-index=\"2\" ><div\n\t\t\t\n\t\t\tclass=\"so-widget-sow-editor so-widget-sow-editor-base\"\n\t\t\t\n\t\t>\n<div class=\"siteorigin-widget-tinymce textwidget\">\n\t<p><img decoding=\"async\" class=\"wp-image-4943 aligncenter lazyload\" data-src=\"https:\/\/astolat.se\/wp-content\/uploads\/2025\/11\/Astolats-Gillenia-Galax-e1762605953954.jpg\" alt=\"\" width=\"333\" height=\"250\" src=\"data:image\/svg+xml;base64,PHN2ZyB3aWR0aD0iMSIgaGVpZ2h0PSIxIiB4bWxucz0iaHR0cDovL3d3dy53My5vcmcvMjAwMC9zdmciPjwvc3ZnPg==\" style=\"--smush-placeholder-width: 333px; --smush-placeholder-aspect-ratio: 333\/250;\" \/><\/p>\n<p><em>KORAD, RLD N<\/em> <strong>Astolat&#8217;s Gillenia Galax<\/strong> SE39070\/2021<\/p>\n<\/div>\n<\/div><\/div><div id=\"panel-gb4941-69ee21e82d55e-0-1-1\" class=\"so-panel widget widget_sow-editor panel-last-child\" data-index=\"3\" ><div\n\t\t\t\n\t\t\tclass=\"so-widget-sow-editor so-widget-sow-editor-base\"\n\t\t\t\n\t\t>\n<div class=\"siteorigin-widget-tinymce textwidget\">\n\t<p>Gnista har HD A \/ ED 0 p\u00e5 h\u00f6fter och armb\u00e5gar. Hon \u00e4r \u00f6gonlyst som valp med resultat UA och har gjort mentalbeskrivning hund, MH, och hon \u00e4r \u00e4ven godk\u00e4nd p\u00e5 mentaltest ( korning). Gnista \u00e4r utst\u00e4lld med 2x junior-Cert, 1 CERT, 1 CACIB, BOS<\/p>\n<p>&nbsp;<\/p>\n<\/div>\n<\/div><\/div><\/div><\/div><\/div>\n\n\n<div class=\"wp-block-columns is-layout-flex wp-container-core-columns-is-layout-28f84493 wp-block-columns-is-layout-flex\">\n<div class=\"wp-block-column is-layout-flow wp-block-column-is-layout-flow\"><div class=\"wp-block-visual-portfolio alignwide\">\n<div class=\"vp-portfolio vp-uid-ba3df69e vp-id-Z244gDn\"\n\tdata-vp-layout=\"masonry\" data-vp-content-source=\"images\" data-vp-items-style=\"default\" data-vp-items-click-action=\"url\" data-vp-items-gap=\"5\" data-vp-items-gap-vertical=\"\" data-vp-pagination=\"load-more\" data-vp-next-page-url=\"\" data-vp-masonry-columns=\"2\" >\n\t<div class=\"vp-portfolio__preloader-wrap\">\n\t\t<div class=\"vp-portfolio__preloader\">\n\t\t\t<img decoding=\"async\" loading=\"eager\" src=\"https:\/\/astolat.se\/wp-content\/plugins\/visual-portfolio\/assets\/images\/logo-dark.svg\" alt=\"Visual Portfolio, Posts &amp; Image Gallery for WordPress\" width=\"20\" height=\"20\" data-skip-lazy>\n\t\t<\/div>\n\t<\/div>\n\t\t<div class=\"vp-portfolio__items-wrap\">\n\t\t\t\n<div class=\"vp-portfolio__items vp-portfolio__items-style-default vp-portfolio__items-show-overlay-hover\">\n\n\t\t<div\t\tclass=\"vp-portfolio__item-wrap vp-portfolio__item-uid-f47c9f7d\" data-vp-filter=\"\" \t\t>\n\t\t\t\t\t\t\t\t\t<figure class=\"vp-portfolio__item\">\n\t\t\t\t\n<div class=\"vp-portfolio__item-img-wrap\">\n\t<div class=\"vp-portfolio__item-img\">\n\t\t\t<a\n\t\thref=\"https:\/\/astolat.se\/wp-content\/uploads\/2025\/12\/573909186_10240525668578008_920550578120270384_n.jpg\"\n\t\taria-label=\"Open image\" \t>\n\t\n\t\t<noscript><img decoding=\"async\" width=\"443\" height=\"590\" data-skip-lazy src=\"https:\/\/astolat.se\/wp-content\/uploads\/2025\/12\/573909186_10240525668578008_920550578120270384_n.jpg\" class=\"wp-image-5226\" alt=\"\" srcset=\"https:\/\/astolat.se\/wp-content\/uploads\/2025\/12\/573909186_10240525668578008_920550578120270384_n.jpg 443w, https:\/\/astolat.se\/wp-content\/uploads\/2025\/12\/573909186_10240525668578008_920550578120270384_n-225x300.jpg 225w\" sizes=\"(max-width: 443px) 100vw, 443px\" \/><\/noscript><img fetchpriority=\"high\" decoding=\"async\" width=\"443\" height=\"590\" src=\"https:\/\/astolat.se\/wp-content\/uploads\/2025\/12\/573909186_10240525668578008_920550578120270384_n.jpg\" class=\"wp-image-5226 vp-lazyload\" alt srcset=\"data:image\/svg+xml;base64,PHN2ZyB3aWR0aD0iNDQzIiBoZWlnaHQ9IjU5MCIgdmlld0JveD0iMCAwIDQ0MyA1OTAiIGZpbGw9Im5vbmUiIHhtbG5zPSJodHRwOi8vd3d3LnczLm9yZy8yMDAwL3N2ZyI+PC9zdmc+\" data-src=\"https:\/\/astolat.se\/wp-content\/uploads\/2025\/12\/573909186_10240525668578008_920550578120270384_n.jpg\" data-srcset=\"https:\/\/astolat.se\/wp-content\/uploads\/2025\/12\/573909186_10240525668578008_920550578120270384_n.jpg 443w, https:\/\/astolat.se\/wp-content\/uploads\/2025\/12\/573909186_10240525668578008_920550578120270384_n-225x300.jpg 225w\" data-sizes=\"auto\" loading=\"eager\">\n\t\t<div class=\"vp-portfolio__item-overlay\">\n\t\t\t\t\t<\/div>\n\n\t\t<\/a>\t<\/div>\n<\/div>\n\n\t\t\t<\/figure>\n\t\t\t\t\t<\/div>\n\t\t\n\t\t<div\t\tclass=\"vp-portfolio__item-wrap vp-portfolio__item-uid-5015e777\" data-vp-filter=\"\" \t\t>\n\t\t\t\t\t\t\t\t\t<figure class=\"vp-portfolio__item\">\n\t\t\t\t\n<div class=\"vp-portfolio__item-img-wrap\">\n\t<div class=\"vp-portfolio__item-img\">\n\t\t\t<a\n\t\thref=\"https:\/\/astolat.se\/wp-content\/uploads\/2025\/12\/542463819_10239694366315971_4984952815685976380_n.jpg\"\n\t\taria-label=\"Open image\" \t>\n\t\n\t\t<noscript><img decoding=\"async\" width=\"526\" height=\"701\" data-skip-lazy src=\"https:\/\/astolat.se\/wp-content\/uploads\/2025\/12\/542463819_10239694366315971_4984952815685976380_n.jpg\" class=\"wp-image-5225\" alt=\"\" srcset=\"https:\/\/astolat.se\/wp-content\/uploads\/2025\/12\/542463819_10239694366315971_4984952815685976380_n.jpg 526w, https:\/\/astolat.se\/wp-content\/uploads\/2025\/12\/542463819_10239694366315971_4984952815685976380_n-225x300.jpg 225w, https:\/\/astolat.se\/wp-content\/uploads\/2025\/12\/542463819_10239694366315971_4984952815685976380_n-500x666.jpg 500w\" sizes=\"(max-width: 526px) 100vw, 526px\" \/><\/noscript><img decoding=\"async\" width=\"526\" height=\"701\" src=\"https:\/\/astolat.se\/wp-content\/uploads\/2025\/12\/542463819_10239694366315971_4984952815685976380_n.jpg\" class=\"wp-image-5225 vp-lazyload\" alt srcset=\"data:image\/svg+xml;base64,PHN2ZyB3aWR0aD0iNTI2IiBoZWlnaHQ9IjcwMSIgdmlld0JveD0iMCAwIDUyNiA3MDEiIGZpbGw9Im5vbmUiIHhtbG5zPSJodHRwOi8vd3d3LnczLm9yZy8yMDAwL3N2ZyI+PC9zdmc+\" data-src=\"https:\/\/astolat.se\/wp-content\/uploads\/2025\/12\/542463819_10239694366315971_4984952815685976380_n.jpg\" data-srcset=\"https:\/\/astolat.se\/wp-content\/uploads\/2025\/12\/542463819_10239694366315971_4984952815685976380_n.jpg 526w, https:\/\/astolat.se\/wp-content\/uploads\/2025\/12\/542463819_10239694366315971_4984952815685976380_n-225x300.jpg 225w, https:\/\/astolat.se\/wp-content\/uploads\/2025\/12\/542463819_10239694366315971_4984952815685976380_n-500x666.jpg 500w\" data-sizes=\"auto\" loading=\"eager\">\n\t\t<div class=\"vp-portfolio__item-overlay\">\n\t\t\t\t\t<\/div>\n\n\t\t<\/a>\t<\/div>\n<\/div>\n\n\t\t\t<\/figure>\n\t\t\t\t\t<\/div>\n\t\t\n\t\t<div\t\tclass=\"vp-portfolio__item-wrap vp-portfolio__item-uid-1f83e72d\" data-vp-filter=\"\" \t\t>\n\t\t\t\t\t\t\t\t\t<figure class=\"vp-portfolio__item\">\n\t\t\t\t\n<div class=\"vp-portfolio__item-img-wrap\">\n\t<div class=\"vp-portfolio__item-img\">\n\t\t\t<a\n\t\thref=\"https:\/\/astolat.se\/wp-content\/uploads\/2025\/11\/515158366_10238798934730741_806276131560706167_n.jpg\"\n\t\taria-label=\"515158366_10238798934730741_806276131560706167_n\" \t>\n\t\n\t\t<noscript><img decoding=\"async\" width=\"526\" height=\"789\" data-skip-lazy src=\"https:\/\/astolat.se\/wp-content\/uploads\/2025\/11\/515158366_10238798934730741_806276131560706167_n.jpg\" class=\"wp-image-5174\" alt=\"\" srcset=\"https:\/\/astolat.se\/wp-content\/uploads\/2025\/11\/515158366_10238798934730741_806276131560706167_n.jpg 526w, https:\/\/astolat.se\/wp-content\/uploads\/2025\/11\/515158366_10238798934730741_806276131560706167_n-200x300.jpg 200w, https:\/\/astolat.se\/wp-content\/uploads\/2025\/11\/515158366_10238798934730741_806276131560706167_n-500x750.jpg 500w\" sizes=\"(max-width: 526px) 100vw, 526px\" \/><\/noscript><img decoding=\"async\" width=\"526\" height=\"789\" src=\"https:\/\/astolat.se\/wp-content\/uploads\/2025\/11\/515158366_10238798934730741_806276131560706167_n.jpg\" class=\"wp-image-5174 vp-lazyload\" alt srcset=\"data:image\/svg+xml;base64,PHN2ZyB3aWR0aD0iNTI2IiBoZWlnaHQ9Ijc4OSIgdmlld0JveD0iMCAwIDUyNiA3ODkiIGZpbGw9Im5vbmUiIHhtbG5zPSJodHRwOi8vd3d3LnczLm9yZy8yMDAwL3N2ZyI+PC9zdmc+\" data-src=\"https:\/\/astolat.se\/wp-content\/uploads\/2025\/11\/515158366_10238798934730741_806276131560706167_n.jpg\" data-srcset=\"https:\/\/astolat.se\/wp-content\/uploads\/2025\/11\/515158366_10238798934730741_806276131560706167_n.jpg 526w, https:\/\/astolat.se\/wp-content\/uploads\/2025\/11\/515158366_10238798934730741_806276131560706167_n-200x300.jpg 200w, https:\/\/astolat.se\/wp-content\/uploads\/2025\/11\/515158366_10238798934730741_806276131560706167_n-500x750.jpg 500w\" data-sizes=\"auto\" loading=\"eager\">\n\t\t<div class=\"vp-portfolio__item-overlay\">\n\t\t\t\t\t<\/div>\n\n\t\t<\/a>\t<\/div>\n<\/div>\n\n\t<figcaption class=\"vp-portfolio__item-caption vp-portfolio__item-caption-text-align-center\">\n\t\t<div class=\"vp-portfolio__item-meta\">\n\t\t\t\n<h2 class=\"vp-portfolio__item-meta-title\">\n\t\t<a\n\t\thref=\"https:\/\/astolat.se\/wp-content\/uploads\/2025\/11\/515158366_10238798934730741_806276131560706167_n.jpg\"\n\t\t\t>\n\t515158366_10238798934730741_806276131560706167_n<\/a><\/h2>\n\t\t<\/div>\n\t<\/figcaption>\n\t\t\t<\/figure>\n\t\t\t\t\t<\/div>\n\t\t\n<\/div>\n\t\t<\/div>\n\t\t\n<\/div>\n<\/div><\/div>\n\n\n\n<div class=\"wp-block-column is-layout-flow wp-block-column-is-layout-flow\"><div class=\"wp-block-visual-portfolio alignwide\">\n<div class=\"vp-portfolio vp-uid-13eb136f vp-id-ZOHQQ5\"\n\tdata-vp-layout=\"masonry\" data-vp-content-source=\"images\" data-vp-items-style=\"default\" data-vp-items-click-action=\"url\" data-vp-items-gap=\"4\" data-vp-items-gap-vertical=\"\" data-vp-pagination=\"load-more\" data-vp-next-page-url=\"\" data-vp-masonry-columns=\"2\" >\n\t<div class=\"vp-portfolio__preloader-wrap\">\n\t\t<div class=\"vp-portfolio__preloader\">\n\t\t\t<img decoding=\"async\" loading=\"eager\" src=\"https:\/\/astolat.se\/wp-content\/plugins\/visual-portfolio\/assets\/images\/logo-dark.svg\" alt=\"Visual Portfolio, Posts &amp; Image Gallery for WordPress\" width=\"20\" height=\"20\" data-skip-lazy>\n\t\t<\/div>\n\t<\/div>\n\t\t<div class=\"vp-portfolio__items-wrap\">\n\t\t\t\n<div class=\"vp-portfolio__items vp-portfolio__items-style-default vp-portfolio__items-show-overlay-hover\">\n\n\t\t<div\t\tclass=\"vp-portfolio__item-wrap vp-portfolio__item-uid-e64414ba\" data-vp-filter=\"\" \t\t>\n\t\t\t\t\t\t\t\t\t<figure class=\"vp-portfolio__item\">\n\t\t\t\t\n<div class=\"vp-portfolio__item-img-wrap\">\n\t<div class=\"vp-portfolio__item-img\">\n\t\t\t<a\n\t\thref=\"https:\/\/astolat.se\/wp-content\/uploads\/2025\/12\/508133441_10162100654343915_1571553990940983435_n.jpg\"\n\t\taria-label=\"Open image\" \t>\n\t\n\t\t<noscript><img decoding=\"async\" width=\"720\" height=\"960\" data-skip-lazy src=\"https:\/\/astolat.se\/wp-content\/uploads\/2025\/12\/508133441_10162100654343915_1571553990940983435_n.jpg\" class=\"wp-image-5228\" alt=\"\" srcset=\"https:\/\/astolat.se\/wp-content\/uploads\/2025\/12\/508133441_10162100654343915_1571553990940983435_n.jpg 720w, https:\/\/astolat.se\/wp-content\/uploads\/2025\/12\/508133441_10162100654343915_1571553990940983435_n-225x300.jpg 225w, https:\/\/astolat.se\/wp-content\/uploads\/2025\/12\/508133441_10162100654343915_1571553990940983435_n-500x667.jpg 500w\" sizes=\"(max-width: 720px) 100vw, 720px\" \/><\/noscript><img decoding=\"async\" width=\"720\" height=\"960\" src=\"https:\/\/astolat.se\/wp-content\/uploads\/2025\/12\/508133441_10162100654343915_1571553990940983435_n.jpg\" class=\"wp-image-5228 vp-lazyload\" alt srcset=\"data:image\/svg+xml;base64,PHN2ZyB3aWR0aD0iNzIwIiBoZWlnaHQ9Ijk2MCIgdmlld0JveD0iMCAwIDcyMCA5NjAiIGZpbGw9Im5vbmUiIHhtbG5zPSJodHRwOi8vd3d3LnczLm9yZy8yMDAwL3N2ZyI+PC9zdmc+\" data-src=\"https:\/\/astolat.se\/wp-content\/uploads\/2025\/12\/508133441_10162100654343915_1571553990940983435_n.jpg\" data-srcset=\"https:\/\/astolat.se\/wp-content\/uploads\/2025\/12\/508133441_10162100654343915_1571553990940983435_n.jpg 720w, https:\/\/astolat.se\/wp-content\/uploads\/2025\/12\/508133441_10162100654343915_1571553990940983435_n-225x300.jpg 225w, https:\/\/astolat.se\/wp-content\/uploads\/2025\/12\/508133441_10162100654343915_1571553990940983435_n-500x667.jpg 500w\" data-sizes=\"auto\" loading=\"eager\">\n\t\t<div class=\"vp-portfolio__item-overlay\">\n\t\t\t\t\t<\/div>\n\n\t\t<\/a>\t<\/div>\n<\/div>\n\n\t\t\t<\/figure>\n\t\t\t\t\t<\/div>\n\t\t\n\t\t<div\t\tclass=\"vp-portfolio__item-wrap vp-portfolio__item-uid-c4dbd53b\" data-vp-filter=\"\" \t\t>\n\t\t\t\t\t\t\t\t\t<figure class=\"vp-portfolio__item\">\n\t\t\t\t\n<div class=\"vp-portfolio__item-img-wrap\">\n\t<div class=\"vp-portfolio__item-img\">\n\t\t\t<a\n\t\thref=\"https:\/\/astolat.se\/wp-content\/uploads\/2025\/12\/554406851_10162580567998915_4383458683006925868_n-e1765140248400.jpg\"\n\t\taria-label=\"Open image\" \t>\n\t\n\t\t<noscript><img decoding=\"async\" width=\"675\" height=\"900\" data-skip-lazy src=\"https:\/\/astolat.se\/wp-content\/uploads\/2025\/12\/554406851_10162580567998915_4383458683006925868_n-e1765140248400.jpg\" class=\"wp-image-5227\" alt=\"\" \/><\/noscript><img decoding=\"async\" width=\"675\" height=\"900\" src=\"data:image\/svg+xml;base64,PHN2ZyB3aWR0aD0iNjc1IiBoZWlnaHQ9IjkwMCIgdmlld0JveD0iMCAwIDY3NSA5MDAiIGZpbGw9Im5vbmUiIHhtbG5zPSJodHRwOi8vd3d3LnczLm9yZy8yMDAwL3N2ZyI+PC9zdmc+\" class=\"wp-image-5227 vp-lazyload\" alt data-src=\"https:\/\/astolat.se\/wp-content\/uploads\/2025\/12\/554406851_10162580567998915_4383458683006925868_n-e1765140248400.jpg\" data-sizes=\"auto\" loading=\"eager\">\n\t\t<div class=\"vp-portfolio__item-overlay\">\n\t\t\t\t\t<\/div>\n\n\t\t<\/a>\t<\/div>\n<\/div>\n\n\t\t\t<\/figure>\n\t\t\t\t\t<\/div>\n\t\t\n\t\t<div\t\tclass=\"vp-portfolio__item-wrap vp-portfolio__item-uid-8ad91160\" data-vp-filter=\"\" \t\t>\n\t\t\t\t\t\t\t\t\t<figure class=\"vp-portfolio__item\">\n\t\t\t\t\n<div class=\"vp-portfolio__item-img-wrap\">\n\t<div class=\"vp-portfolio__item-img\">\n\t\t\t<a\n\t\thref=\"https:\/\/astolat.se\/wp-content\/uploads\/2024\/06\/84fda923-3f42-41ff-a8f8-81c869a1cb03-e1719334423643.jpg\"\n\t\taria-label=\"Open image\" \t>\n\t\n\t\t<noscript><img decoding=\"async\" width=\"700\" height=\"933\" data-skip-lazy src=\"https:\/\/astolat.se\/wp-content\/uploads\/2024\/06\/84fda923-3f42-41ff-a8f8-81c869a1cb03-e1719334423643.jpg\" class=\"wp-image-4444\" alt=\"\" \/><\/noscript><img decoding=\"async\" width=\"700\" height=\"933\" src=\"data:image\/svg+xml;base64,PHN2ZyB3aWR0aD0iNzAwIiBoZWlnaHQ9IjkzMyIgdmlld0JveD0iMCAwIDcwMCA5MzMiIGZpbGw9Im5vbmUiIHhtbG5zPSJodHRwOi8vd3d3LnczLm9yZy8yMDAwL3N2ZyI+PC9zdmc+\" class=\"wp-image-4444 vp-lazyload\" alt data-src=\"https:\/\/astolat.se\/wp-content\/uploads\/2024\/06\/84fda923-3f42-41ff-a8f8-81c869a1cb03-e1719334423643.jpg\" data-sizes=\"auto\" loading=\"eager\">\n\t\t<div class=\"vp-portfolio__item-overlay\">\n\t\t\t\t\t<\/div>\n\n\t\t<\/a>\t<\/div>\n<\/div>\n\n\t\t\t<\/figure>\n\t\t\t\t\t<\/div>\n\t\t\n\t\t<div\t\tclass=\"vp-portfolio__item-wrap vp-portfolio__item-uid-b1a780e5\" data-vp-filter=\"\" \t\t>\n\t\t\t\t\t\t\t\t\t<figure class=\"vp-portfolio__item\">\n\t\t\t\t\n<div class=\"vp-portfolio__item-img-wrap\">\n\t<div class=\"vp-portfolio__item-img\">\n\t\t\t<a\n\t\thref=\"https:\/\/astolat.se\/wp-content\/uploads\/2025\/11\/505704536_10162080088728915_212849137332976523_n-1920x1440.jpg\"\n\t\taria-label=\"Open image\" \t>\n\t\n\t\t<noscript><img decoding=\"async\" width=\"1920\" height=\"1440\" data-skip-lazy src=\"https:\/\/astolat.se\/wp-content\/uploads\/2025\/11\/505704536_10162080088728915_212849137332976523_n-1920x1440.jpg\" class=\"wp-image-5195\" alt=\"\" srcset=\"https:\/\/astolat.se\/wp-content\/uploads\/2025\/11\/505704536_10162080088728915_212849137332976523_n-1920x1440.jpg 1920w, https:\/\/astolat.se\/wp-content\/uploads\/2025\/11\/505704536_10162080088728915_212849137332976523_n-300x225.jpg 300w, https:\/\/astolat.se\/wp-content\/uploads\/2025\/11\/505704536_10162080088728915_212849137332976523_n-1024x768.jpg 1024w, https:\/\/astolat.se\/wp-content\/uploads\/2025\/11\/505704536_10162080088728915_212849137332976523_n-768x576.jpg 768w, https:\/\/astolat.se\/wp-content\/uploads\/2025\/11\/505704536_10162080088728915_212849137332976523_n-1536x1152.jpg 1536w, https:\/\/astolat.se\/wp-content\/uploads\/2025\/11\/505704536_10162080088728915_212849137332976523_n-500x375.jpg 500w, https:\/\/astolat.se\/wp-content\/uploads\/2025\/11\/505704536_10162080088728915_212849137332976523_n-800x600.jpg 800w, https:\/\/astolat.se\/wp-content\/uploads\/2025\/11\/505704536_10162080088728915_212849137332976523_n-1280x960.jpg 1280w, https:\/\/astolat.se\/wp-content\/uploads\/2025\/11\/505704536_10162080088728915_212849137332976523_n-e1765102361920.jpg 900w\" sizes=\"(max-width: 1920px) 100vw, 1920px\" \/><\/noscript><img decoding=\"async\" width=\"1920\" height=\"1440\" src=\"https:\/\/astolat.se\/wp-content\/uploads\/2025\/11\/505704536_10162080088728915_212849137332976523_n-1920x1440.jpg\" class=\"wp-image-5195 vp-lazyload\" alt srcset=\"data:image\/svg+xml;base64,PHN2ZyB3aWR0aD0iMTkyMCIgaGVpZ2h0PSIxNDQwIiB2aWV3Qm94PSIwIDAgMTkyMCAxNDQwIiBmaWxsPSJub25lIiB4bWxucz0iaHR0cDovL3d3dy53My5vcmcvMjAwMC9zdmciPjwvc3ZnPg==\" data-src=\"https:\/\/astolat.se\/wp-content\/uploads\/2025\/11\/505704536_10162080088728915_212849137332976523_n-1920x1440.jpg\" data-srcset=\"https:\/\/astolat.se\/wp-content\/uploads\/2025\/11\/505704536_10162080088728915_212849137332976523_n-1920x1440.jpg 1920w, https:\/\/astolat.se\/wp-content\/uploads\/2025\/11\/505704536_10162080088728915_212849137332976523_n-300x225.jpg 300w, https:\/\/astolat.se\/wp-content\/uploads\/2025\/11\/505704536_10162080088728915_212849137332976523_n-1024x768.jpg 1024w, https:\/\/astolat.se\/wp-content\/uploads\/2025\/11\/505704536_10162080088728915_212849137332976523_n-768x576.jpg 768w, https:\/\/astolat.se\/wp-content\/uploads\/2025\/11\/505704536_10162080088728915_212849137332976523_n-1536x1152.jpg 1536w, https:\/\/astolat.se\/wp-content\/uploads\/2025\/11\/505704536_10162080088728915_212849137332976523_n-500x375.jpg 500w, https:\/\/astolat.se\/wp-content\/uploads\/2025\/11\/505704536_10162080088728915_212849137332976523_n-800x600.jpg 800w, https:\/\/astolat.se\/wp-content\/uploads\/2025\/11\/505704536_10162080088728915_212849137332976523_n-1280x960.jpg 1280w, https:\/\/astolat.se\/wp-content\/uploads\/2025\/11\/505704536_10162080088728915_212849137332976523_n-e1765102361920.jpg 900w\" data-sizes=\"auto\" loading=\"eager\">\n\t\t<div class=\"vp-portfolio__item-overlay\">\n\t\t\t\t\t<\/div>\n\n\t\t<\/a>\t<\/div>\n<\/div>\n\n\t\t\t<\/figure>\n\t\t\t\t\t<\/div>\n\t\t\n\t\t<div\t\tclass=\"vp-portfolio__item-wrap vp-portfolio__item-uid-3b0640f0\" data-vp-filter=\"\" \t\t>\n\t\t\t\t\t\t\t\t\t<figure class=\"vp-portfolio__item\">\n\t\t\t\t\n<div class=\"vp-portfolio__item-img-wrap\">\n\t<div class=\"vp-portfolio__item-img\">\n\t\t\t<a\n\t\thref=\"https:\/\/astolat.se\/wp-content\/uploads\/2024\/12\/Gnista-red.-strl.jpg\"\n\t\taria-label=\"Open image\" \t>\n\t\n\t\t<noscript><img decoding=\"async\" width=\"700\" height=\"525\" data-skip-lazy src=\"https:\/\/astolat.se\/wp-content\/uploads\/2024\/12\/Gnista-red.-strl.jpg\" class=\"wp-image-4499\" alt=\"\" srcset=\"https:\/\/astolat.se\/wp-content\/uploads\/2024\/12\/Gnista-red.-strl.jpg 700w, https:\/\/astolat.se\/wp-content\/uploads\/2024\/12\/Gnista-red.-strl-75x56.jpg 75w, https:\/\/astolat.se\/wp-content\/uploads\/2024\/12\/Gnista-red.-strl-500x375.jpg 500w\" sizes=\"(max-width: 700px) 100vw, 700px\" \/><\/noscript><img decoding=\"async\" width=\"700\" height=\"525\" src=\"https:\/\/astolat.se\/wp-content\/uploads\/2024\/12\/Gnista-red.-strl.jpg\" class=\"wp-image-4499 vp-lazyload\" alt srcset=\"data:image\/svg+xml;base64,PHN2ZyB3aWR0aD0iNzAwIiBoZWlnaHQ9IjUyNSIgdmlld0JveD0iMCAwIDcwMCA1MjUiIGZpbGw9Im5vbmUiIHhtbG5zPSJodHRwOi8vd3d3LnczLm9yZy8yMDAwL3N2ZyI+PC9zdmc+\" data-src=\"https:\/\/astolat.se\/wp-content\/uploads\/2024\/12\/Gnista-red.-strl.jpg\" data-srcset=\"https:\/\/astolat.se\/wp-content\/uploads\/2024\/12\/Gnista-red.-strl.jpg 700w, https:\/\/astolat.se\/wp-content\/uploads\/2024\/12\/Gnista-red.-strl-75x56.jpg 75w, https:\/\/astolat.se\/wp-content\/uploads\/2024\/12\/Gnista-red.-strl-500x375.jpg 500w\" data-sizes=\"auto\" loading=\"eager\">\n\t\t<div class=\"vp-portfolio__item-overlay\">\n\t\t\t\t\t<\/div>\n\n\t\t<\/a>\t<\/div>\n<\/div>\n\n\t\t\t<\/figure>\n\t\t\t\t\t<\/div>\n\t\t\n<\/div>\n\t\t<\/div>\n\t\t\n<\/div>\n<\/div><\/div>\n<\/div>\n\n\n\n<p>L\u00e4nk till kullens stamtavla: <a href=\"https:\/\/hundar.skk.se\/avelsdata\/Flikar.aspx?sida=Provparning_stamtavla&amp;id=3528984&amp;param=3528984%7c3644970%7cSNABBVAL%7c3644970%7c\">SKK Avelsdata<\/a><\/p>\n\n\n\n<p><\/p>\n\n\n\n<p><\/p>\n\n\n\n<div class=\"wp-block-columns is-not-stacked-on-mobile is-layout-flex wp-container-core-columns-is-layout-28f84493 wp-block-columns-is-layout-flex\">\n<div class=\"wp-block-column is-layout-flow wp-block-column-is-layout-flow\"><\/div>\n<\/div>\n\n\n\n<p class=\"has-text-align-left\" style=\"font-size:12px\"><\/p>\n\n\n\n<p class=\"has-text-align-left has-small-font-size\"><\/p>\n","protected":false},"excerpt":{"rendered":"<p>I b\u00f6rjan av 2026 planeras en kull efter Astolat&#8217;s Gillenia Galax &#8221;Gnista&#8221; och Light Of Dawn\u2019s Like A Legend &#8221;Isaak&#8221;. F\u00f6rhoppningen \u00e4r friska, stabila och arbetsglada hundar. Kullens ber\u00e4knade inavelsgrad p\u00e5 6 generationer \u00e4r 0 %. \u00c4r du intresserad av valp, tveka d\u00e5 inte att h\u00f6ra utav dig. L\u00e4nk till kullens stamtavla: SKK Avelsdata<\/p>\n","protected":false},"author":1,"featured_media":0,"parent":0,"menu_order":0,"comment_status":"closed","ping_status":"closed","template":"","meta":{"_vp_format_video_url":"","_vp_image_focal_point":[],"footnotes":""},"class_list":["post-4941","page","type-page","status-publish","hentry"],"_links":{"self":[{"href":"https:\/\/astolat.se\/index.php?rest_route=\/wp\/v2\/pages\/4941","targetHints":{"allow":["GET"]}}],"collection":[{"href":"https:\/\/astolat.se\/index.php?rest_route=\/wp\/v2\/pages"}],"about":[{"href":"https:\/\/astolat.se\/index.php?rest_route=\/wp\/v2\/types\/page"}],"author":[{"embeddable":true,"href":"https:\/\/astolat.se\/index.php?rest_route=\/wp\/v2\/users\/1"}],"replies":[{"embeddable":true,"href":"https:\/\/astolat.se\/index.php?rest_route=%2Fwp%2Fv2%2Fcomments&post=4941"}],"version-history":[{"count":11,"href":"https:\/\/astolat.se\/index.php?rest_route=\/wp\/v2\/pages\/4941\/revisions"}],"predecessor-version":[{"id":5231,"href":"https:\/\/astolat.se\/index.php?rest_route=\/wp\/v2\/pages\/4941\/revisions\/5231"}],"wp:attachment":[{"href":"https:\/\/astolat.se\/index.php?rest_route=%2Fwp%2Fv2%2Fmedia&parent=4941"}],"curies":[{"name":"wp","href":"https:\/\/api.w.org\/{rel}","templated":true}]}}