{"id":3723,"date":"2024-01-01T13:59:30","date_gmt":"2024-01-01T13:59:30","guid":{"rendered":"https:\/\/astolat.se\/?page_id=3723"},"modified":"2024-12-04T12:43:09","modified_gmt":"2024-12-04T12:43:09","slug":"g-kullen","status":"publish","type":"page","link":"https:\/\/astolat.se\/?page_id=3723","title":{"rendered":"G- kullen"},"content":{"rendered":"\n<p>f. 23\/5 2021 efter; SPHl Prince Petipa\u2019s \u2013 KORAD Astolat\u2019s Endivia \u00c8xacum<\/p>\n\n\n\n<hr class=\"wp-block-separator has-text-color has-black-color has-alpha-channel-opacity has-black-background-color has-background is-style-wide\"\/>\n\n\n<div id=\"pl-gb3723-69ee238a5b1fa\"  class=\"panel-layout wp-block-siteorigin-panels-layout-block\" ><div id=\"pg-gb3723-69ee238a5b1fa-0\"  class=\"panel-grid panel-has-style\" ><div class=\"panel-row-style panel-row-style-for-gb3723-69ee238a5b1fa-0\" ><div id=\"pgc-gb3723-69ee238a5b1fa-0-0\"  class=\"panel-grid-cell\" ><div id=\"panel-gb3723-69ee238a5b1fa-0-0-0\" class=\"so-panel widget widget_sow-image panel-first-child panel-last-child\" data-index=\"0\" ><div class=\"so-rounded panel-widget-style panel-widget-style-for-gb3723-69ee238a5b1fa-0-0-0\" ><div\n\t\t\t\n\t\t\tclass=\"so-widget-sow-image so-widget-sow-image-default-8b5b6f678277-3723\"\n\t\t\t\n\t\t>\n<div class=\"sow-image-container\">\n\t\t<img \n\tdata-src=\"https:\/\/astolat.se\/wp-content\/uploads\/2024\/01\/DSC_9568-499x700.jpg\" width=\"214\" height=\"300\" data-srcset=\"https:\/\/astolat.se\/wp-content\/uploads\/2024\/01\/DSC_9568-499x700.jpg 499w, https:\/\/astolat.se\/wp-content\/uploads\/2024\/01\/DSC_9568-53x75.jpg 53w, https:\/\/astolat.se\/wp-content\/uploads\/2024\/01\/DSC_9568-768x1077.jpg 768w, https:\/\/astolat.se\/wp-content\/uploads\/2024\/01\/DSC_9568-500x701.jpg 500w, https:\/\/astolat.se\/wp-content\/uploads\/2024\/01\/DSC_9568-e1705524091874.jpg 800w\" data-sizes=\"(max-width: 214px) 100vw, 214px\" title=\"DSC_9568\" alt=\"\" \t\tclass=\"so-widget-image lazyload\" src=\"data:image\/svg+xml;base64,PHN2ZyB3aWR0aD0iMSIgaGVpZ2h0PSIxIiB4bWxucz0iaHR0cDovL3d3dy53My5vcmcvMjAwMC9zdmciPjwvc3ZnPg==\" style=\"--smush-placeholder-width: 214px; --smush-placeholder-aspect-ratio: 214\/300;\" \/>\n\t<\/div>\n\n<\/div><\/div><\/div><\/div><div id=\"pgc-gb3723-69ee238a5b1fa-0-1\"  class=\"panel-grid-cell\" ><div id=\"panel-gb3723-69ee238a5b1fa-0-1-0\" class=\"so-panel widget widget_sow-editor panel-first-child panel-last-child\" data-index=\"1\" ><div\n\t\t\t\n\t\t\tclass=\"so-widget-sow-editor so-widget-sow-editor-base\"\n\t\t\t\n\t\t>\n<div class=\"siteorigin-widget-tinymce textwidget\">\n\t<p style=\"text-align: center;\">\n<h6 style=\"text-align: center;\">A. GENES GRISEO<\/h6>\n<\/p>\n<p style=\"text-align: center;\">&#8217;Nelson&#8217; genomg\u00e5nget MH, \u00f6gon ua<\/p>\n<\/div>\n<\/div><\/div><\/div><\/div><\/div><\/div>\n\n\n<hr class=\"wp-block-separator has-text-color has-alpha-channel-opacity has-background\" style=\"background-color:#131313;color:#131313\"\/>\n\n\n<div id=\"pl-gb3723-69ee238a5e5aa\"  class=\"panel-layout wp-block-siteorigin-panels-layout-block\" ><div id=\"pg-gb3723-69ee238a5e5aa-0\"  class=\"panel-grid panel-no-style\" ><div id=\"pgc-gb3723-69ee238a5e5aa-0-0\"  class=\"panel-grid-cell\" ><div id=\"panel-gb3723-69ee238a5e5aa-0-0-0\" class=\"so-panel widget widget_sow-editor panel-first-child panel-last-child\" data-index=\"0\" ><div\n\t\t\t\n\t\t\tclass=\"so-widget-sow-editor so-widget-sow-editor-base\"\n\t\t\t\n\t\t>\n<div class=\"siteorigin-widget-tinymce textwidget\">\n\t<h6><\/h6>\n<h6 style=\"text-align: center;\">A. GEO GRAPHIS<\/h6>\n<p style=\"text-align: center;\">&#8217;Geo&#8217;, genomg\u00e5nget MH, \u00f6gon ua<\/p>\n<\/div>\n<\/div><\/div><\/div><div id=\"pgc-gb3723-69ee238a5e5aa-0-1\"  class=\"panel-grid-cell\" ><div id=\"panel-gb3723-69ee238a5e5aa-0-1-0\" class=\"so-panel widget widget_sow-image panel-first-child panel-last-child\" data-index=\"1\" ><div\n\t\t\t\n\t\t\tclass=\"so-widget-sow-image so-widget-sow-image-default-8b5b6f678277-3723\"\n\t\t\t\n\t\t>\n<div class=\"sow-image-container\">\n\t\t<img \n\tdata-src=\"https:\/\/astolat.se\/wp-content\/uploads\/2021\/07\/DSC_9627-e1704187262303.jpg\" width=\"800\" height=\"697\" data-sizes=\"(max-width: 800px) 100vw, 800px\" title=\"DSC_9627\" alt=\"\" \t\tclass=\"so-widget-image lazyload\" src=\"data:image\/svg+xml;base64,PHN2ZyB3aWR0aD0iMSIgaGVpZ2h0PSIxIiB4bWxucz0iaHR0cDovL3d3dy53My5vcmcvMjAwMC9zdmciPjwvc3ZnPg==\" style=\"--smush-placeholder-width: 800px; --smush-placeholder-aspect-ratio: 800\/697;\" \/>\n\t<\/div>\n\n<\/div><\/div><\/div><\/div><\/div>\n\n\n<hr class=\"wp-block-separator has-text-color has-alpha-channel-opacity has-background\" style=\"background-color:#131313;color:#131313\"\/>\n\n\n<div id=\"pl-gb3723-69ee238a60bc6\"  class=\"panel-layout wp-block-siteorigin-panels-layout-block\" ><div id=\"pg-gb3723-69ee238a60bc6-0\"  class=\"panel-grid panel-has-style\" ><div class=\"panel-row-style panel-row-style-for-gb3723-69ee238a60bc6-0\" ><div id=\"pgc-gb3723-69ee238a60bc6-0-0\"  class=\"panel-grid-cell\" ><div id=\"panel-gb3723-69ee238a60bc6-0-0-0\" class=\"so-panel widget widget_sow-image panel-first-child panel-last-child\" data-index=\"0\" ><div\n\t\t\t\n\t\t\tclass=\"so-widget-sow-image so-widget-sow-image-default-8b5b6f678277-3723\"\n\t\t\t\n\t\t>\n<div class=\"sow-image-container\">\n\t\t<img \n\tdata-src=\"https:\/\/astolat.se\/wp-content\/uploads\/2024\/01\/A.-Gigas-Gentilis-1.jpg\" width=\"800\" height=\"648\" data-srcset=\"https:\/\/astolat.se\/wp-content\/uploads\/2024\/01\/A.-Gigas-Gentilis-1.jpg 800w, https:\/\/astolat.se\/wp-content\/uploads\/2024\/01\/A.-Gigas-Gentilis-1-700x567.jpg 700w, https:\/\/astolat.se\/wp-content\/uploads\/2024\/01\/A.-Gigas-Gentilis-1-75x61.jpg 75w, https:\/\/astolat.se\/wp-content\/uploads\/2024\/01\/A.-Gigas-Gentilis-1-768x622.jpg 768w, https:\/\/astolat.se\/wp-content\/uploads\/2024\/01\/A.-Gigas-Gentilis-1-500x405.jpg 500w\" data-sizes=\"(max-width: 800px) 100vw, 800px\" title=\"????????????????????????????????\" alt=\"\" \t\tclass=\"so-widget-image lazyload\" src=\"data:image\/svg+xml;base64,PHN2ZyB3aWR0aD0iMSIgaGVpZ2h0PSIxIiB4bWxucz0iaHR0cDovL3d3dy53My5vcmcvMjAwMC9zdmciPjwvc3ZnPg==\" style=\"--smush-placeholder-width: 800px; --smush-placeholder-aspect-ratio: 800\/648;\" \/>\n\t<\/div>\n\n<\/div><\/div><\/div><div id=\"pgc-gb3723-69ee238a60bc6-0-1\"  class=\"panel-grid-cell\" ><div id=\"panel-gb3723-69ee238a60bc6-0-1-0\" class=\"so-panel widget widget_sow-editor panel-first-child panel-last-child\" data-index=\"1\" ><div\n\t\t\t\n\t\t\tclass=\"so-widget-sow-editor so-widget-sow-editor-base\"\n\t\t\t\n\t\t>\n<div class=\"siteorigin-widget-tinymce textwidget\">\n\t<h6><\/h6>\n<h6 style=\"text-align: center;\">A. GIGAS GENTILIS<\/h6>\n<p style=\"text-align: center;\">&#8217;Loki&#8217;, genomg\u00e5nget MH, \u00f6gon ua<\/p>\n<\/div>\n<\/div><\/div><\/div><\/div><\/div><\/div>\n\n\n<hr class=\"wp-block-separator has-text-color has-black-color has-alpha-channel-opacity has-black-background-color has-background\"\/>\n\n\n<div id=\"pl-gb3723-69ee238a631d9\"  class=\"panel-layout wp-block-siteorigin-panels-layout-block\" ><div id=\"pg-gb3723-69ee238a631d9-0\"  class=\"panel-grid panel-no-style\" ><div id=\"pgc-gb3723-69ee238a631d9-0-0\"  class=\"panel-grid-cell\" ><div id=\"panel-gb3723-69ee238a631d9-0-0-0\" class=\"so-panel widget widget_sow-image panel-first-child panel-last-child\" data-index=\"0\" ><div\n\t\t\t\n\t\t\tclass=\"so-widget-sow-image so-widget-sow-image-default-8b5b6f678277-3723\"\n\t\t\t\n\t\t><\/div><\/div><\/div><div id=\"pgc-gb3723-69ee238a631d9-0-1\"  class=\"panel-grid-cell\" ><div id=\"panel-gb3723-69ee238a631d9-0-1-0\" class=\"so-panel widget widget_sow-editor panel-first-child panel-last-child\" data-index=\"1\" ><div\n\t\t\t\n\t\t\tclass=\"so-widget-sow-editor so-widget-sow-editor-base\"\n\t\t\t\n\t\t>\n<div class=\"siteorigin-widget-tinymce textwidget\">\n\t<h6><\/h6>\n<h6 style=\"text-align: center;\">A. GLOBIFER GALE<\/h6>\n<p style=\"text-align: center;\">&#8217;Gozzi&#8217;, genomg\u00e5nget MH, \u00f6gon ua<\/p>\n<\/div>\n<\/div><\/div><\/div><\/div><\/div>\n\n\n<hr class=\"wp-block-separator has-text-color has-alpha-channel-opacity has-background\" style=\"background-color:#131313;color:#131313\"\/>\n\n\n<div id=\"pl-gb3723-69ee238a65fc5\"  class=\"panel-layout wp-block-siteorigin-panels-layout-block\" ><div id=\"pg-gb3723-69ee238a65fc5-0\"  class=\"panel-grid panel-has-style\" ><div class=\"panel-row-style panel-row-style-for-gb3723-69ee238a65fc5-0\" ><div id=\"pgc-gb3723-69ee238a65fc5-0-0\"  class=\"panel-grid-cell\" ><div id=\"panel-gb3723-69ee238a65fc5-0-0-0\" class=\"so-panel widget widget_sow-image panel-first-child panel-last-child\" data-index=\"0\" ><div\n\t\t\t\n\t\t\tclass=\"so-widget-sow-image so-widget-sow-image-default-8b5b6f678277-3723\"\n\t\t\t\n\t\t>\n<div class=\"sow-image-container\">\n\t\t<img \n\tdata-src=\"https:\/\/astolat.se\/wp-content\/uploads\/2024\/01\/DSC03347.jpg\" width=\"800\" height=\"678\" data-srcset=\"https:\/\/astolat.se\/wp-content\/uploads\/2024\/01\/DSC03347.jpg 800w, https:\/\/astolat.se\/wp-content\/uploads\/2024\/01\/DSC03347-700x593.jpg 700w, https:\/\/astolat.se\/wp-content\/uploads\/2024\/01\/DSC03347-75x64.jpg 75w, https:\/\/astolat.se\/wp-content\/uploads\/2024\/01\/DSC03347-768x651.jpg 768w, https:\/\/astolat.se\/wp-content\/uploads\/2024\/01\/DSC03347-500x424.jpg 500w\" data-sizes=\"(max-width: 800px) 100vw, 800px\" title=\"Astolat&#8217;s Gilia Grandis\" alt=\"\" \t\tclass=\"so-widget-image lazyload\" src=\"data:image\/svg+xml;base64,PHN2ZyB3aWR0aD0iMSIgaGVpZ2h0PSIxIiB4bWxucz0iaHR0cDovL3d3dy53My5vcmcvMjAwMC9zdmciPjwvc3ZnPg==\" style=\"--smush-placeholder-width: 800px; --smush-placeholder-aspect-ratio: 800\/678;\" \/>\n\t<\/div>\n\n<\/div><\/div><\/div><div id=\"pgc-gb3723-69ee238a65fc5-0-1\"  class=\"panel-grid-cell\" ><div id=\"panel-gb3723-69ee238a65fc5-0-1-0\" class=\"so-panel widget widget_sow-editor panel-first-child panel-last-child\" data-index=\"1\" ><div\n\t\t\t\n\t\t\tclass=\"so-widget-sow-editor so-widget-sow-editor-base\"\n\t\t\t\n\t\t>\n<div class=\"siteorigin-widget-tinymce textwidget\">\n\t<h6><\/h6>\n<h6 style=\"text-align: center;\">A. GILIA GRANDIS<\/h6>\n<p style=\"text-align: center;\">&#8217;Gilia&#8217;, genomg\u00e5nget MH, godk\u00e4nt Doftprov 1, HD A \/ ED 0, \u00f6vrig medf\u00f6dd f\u00f6r\u00e4ndring i \u00f6gat<\/p>\n<\/div>\n<\/div><\/div><\/div><\/div><\/div><\/div>\n\n\n<hr class=\"wp-block-separator has-text-color has-alpha-channel-opacity has-background\" style=\"background-color:#131313;color:#131313\"\/>\n\n\n<div id=\"pl-gb3723-69ee238a68fb1\"  class=\"panel-layout wp-block-siteorigin-panels-layout-block\" ><div id=\"pg-gb3723-69ee238a68fb1-0\"  class=\"panel-grid panel-no-style\" ><div id=\"pgc-gb3723-69ee238a68fb1-0-0\"  class=\"panel-grid-cell\" ><div id=\"panel-gb3723-69ee238a68fb1-0-0-0\" class=\"so-panel widget widget_sow-editor panel-first-child panel-last-child\" data-index=\"0\" ><div\n\t\t\t\n\t\t\tclass=\"so-widget-sow-editor so-widget-sow-editor-base\"\n\t\t\t\n\t\t>\n<div class=\"siteorigin-widget-tinymce textwidget\">\n\t<h6><\/h6>\n<h6 style=\"text-align: center;\"><em>RLD N\u00a0<\/em> A. GILLENIA GALAX<\/h6>\n<p style=\"text-align: center;\">&#8217;Gnista&#8217; , genomg\u00e5nget MH, utst\u00e4llningsresultat;\u00a0 CERT, BIM, junior CACIB, 2x juniorcert, BORNHJV22, \u00f6gon ua<\/p>\n<\/div>\n<\/div><\/div><\/div><div id=\"pgc-gb3723-69ee238a68fb1-0-1\"  class=\"panel-grid-cell\" ><div id=\"panel-gb3723-69ee238a68fb1-0-1-0\" class=\"so-panel widget widget_sow-image panel-first-child panel-last-child\" data-index=\"1\" ><div\n\t\t\t\n\t\t\tclass=\"so-widget-sow-image so-widget-sow-image-default-8b5b6f678277-3723\"\n\t\t\t\n\t\t>\n<div class=\"sow-image-container\">\n\t\t<img \n\tdata-src=\"https:\/\/astolat.se\/wp-content\/uploads\/2024\/12\/Gnista-red.-strl.jpg\" width=\"700\" height=\"525\" data-srcset=\"https:\/\/astolat.se\/wp-content\/uploads\/2024\/12\/Gnista-red.-strl.jpg 700w, https:\/\/astolat.se\/wp-content\/uploads\/2024\/12\/Gnista-red.-strl-75x56.jpg 75w, https:\/\/astolat.se\/wp-content\/uploads\/2024\/12\/Gnista-red.-strl-500x375.jpg 500w\" data-sizes=\"(max-width: 700px) 100vw, 700px\" alt=\"\" \t\tclass=\"so-widget-image lazyload\" src=\"data:image\/svg+xml;base64,PHN2ZyB3aWR0aD0iMSIgaGVpZ2h0PSIxIiB4bWxucz0iaHR0cDovL3d3dy53My5vcmcvMjAwMC9zdmciPjwvc3ZnPg==\" style=\"--smush-placeholder-width: 700px; --smush-placeholder-aspect-ratio: 700\/525;\" \/>\n\t<\/div>\n\n<\/div><\/div><\/div><\/div><\/div>\n\n\n<hr class=\"wp-block-separator has-text-color has-black-color has-alpha-channel-opacity has-black-background-color has-background\"\/>\n\n\n<div id=\"pl-gb3723-69ee238a6bc90\"  class=\"panel-layout wp-block-siteorigin-panels-layout-block\" ><div id=\"pg-gb3723-69ee238a6bc90-0\"  class=\"panel-grid panel-has-style\" ><div class=\"panel-row-style panel-row-style-for-gb3723-69ee238a6bc90-0\" ><div id=\"pgc-gb3723-69ee238a6bc90-0-0\"  class=\"panel-grid-cell\" ><div id=\"panel-gb3723-69ee238a6bc90-0-0-0\" class=\"so-panel widget widget_sow-image panel-first-child panel-last-child\" data-index=\"0\" ><div\n\t\t\t\n\t\t\tclass=\"so-widget-sow-image so-widget-sow-image-default-8b5b6f678277-3723\"\n\t\t\t\n\t\t>\n<div class=\"sow-image-container\">\n\t\t<img \n\tdata-src=\"https:\/\/astolat.se\/wp-content\/uploads\/2024\/01\/Gaura-7-veckor-SE39072.jpg\" width=\"800\" height=\"605\" data-srcset=\"https:\/\/astolat.se\/wp-content\/uploads\/2024\/01\/Gaura-7-veckor-SE39072.jpg 800w, https:\/\/astolat.se\/wp-content\/uploads\/2024\/01\/Gaura-7-veckor-SE39072-700x529.jpg 700w, https:\/\/astolat.se\/wp-content\/uploads\/2024\/01\/Gaura-7-veckor-SE39072-75x57.jpg 75w, https:\/\/astolat.se\/wp-content\/uploads\/2024\/01\/Gaura-7-veckor-SE39072-768x581.jpg 768w, https:\/\/astolat.se\/wp-content\/uploads\/2024\/01\/Gaura-7-veckor-SE39072-500x378.jpg 500w\" data-sizes=\"(max-width: 800px) 100vw, 800px\" title=\"Gaura, 7 veckor, SE39072\" alt=\"\" \t\tclass=\"so-widget-image lazyload\" src=\"data:image\/svg+xml;base64,PHN2ZyB3aWR0aD0iMSIgaGVpZ2h0PSIxIiB4bWxucz0iaHR0cDovL3d3dy53My5vcmcvMjAwMC9zdmciPjwvc3ZnPg==\" style=\"--smush-placeholder-width: 800px; --smush-placeholder-aspect-ratio: 800\/605;\" \/>\n\t<\/div>\n\n<\/div><\/div><\/div><div id=\"pgc-gb3723-69ee238a6bc90-0-1\"  class=\"panel-grid-cell\" ><div id=\"panel-gb3723-69ee238a6bc90-0-1-0\" class=\"so-panel widget widget_sow-editor panel-first-child panel-last-child\" data-index=\"1\" ><div\n\t\t\t\n\t\t\tclass=\"so-widget-sow-editor so-widget-sow-editor-base\"\n\t\t\t\n\t\t>\n<div class=\"siteorigin-widget-tinymce textwidget\">\n\t<h6><\/h6>\n<h6 style=\"text-align: center;\">A. GAURA GYMNOTHRIX<\/h6>\n<p style=\"text-align: center;\">&#8217;Molly&#8217; genomg\u00e5nget MH, \u00f6gon ua<\/p>\n<\/div>\n<\/div><\/div><\/div><\/div><\/div><\/div>\n\n\n<hr class=\"wp-block-separator has-text-color has-black-color has-alpha-channel-opacity has-black-background-color has-background\"\/>\n\n\n<div id=\"pl-gb3723-69ee238a6e921\"  class=\"panel-layout wp-block-siteorigin-panels-layout-block\" ><div id=\"pg-gb3723-69ee238a6e921-0\"  class=\"panel-grid panel-no-style\" ><div id=\"pgc-gb3723-69ee238a6e921-0-0\"  class=\"panel-grid-cell\" ><div id=\"panel-gb3723-69ee238a6e921-0-0-0\" class=\"so-panel widget widget_sow-image panel-first-child panel-last-child\" data-index=\"0\" ><div\n\t\t\t\n\t\t\tclass=\"so-widget-sow-image so-widget-sow-image-default-8b5b6f678277-3723\"\n\t\t\t\n\t\t>\n<div class=\"sow-image-container\">\n\t\t<img \n\tdata-src=\"https:\/\/astolat.se\/wp-content\/uploads\/2024\/01\/DSC02482.jpg\" width=\"800\" height=\"816\" data-srcset=\"https:\/\/astolat.se\/wp-content\/uploads\/2024\/01\/DSC02482.jpg 800w, https:\/\/astolat.se\/wp-content\/uploads\/2024\/01\/DSC02482-686x700.jpg 686w, https:\/\/astolat.se\/wp-content\/uploads\/2024\/01\/DSC02482-768x783.jpg 768w, https:\/\/astolat.se\/wp-content\/uploads\/2024\/01\/DSC02482-500x510.jpg 500w, https:\/\/astolat.se\/wp-content\/uploads\/2024\/01\/DSC02482-50x50.jpg 50w\" data-sizes=\"(max-width: 800px) 100vw, 800px\" alt=\"\" \t\tclass=\"so-widget-image lazyload\" src=\"data:image\/svg+xml;base64,PHN2ZyB3aWR0aD0iMSIgaGVpZ2h0PSIxIiB4bWxucz0iaHR0cDovL3d3dy53My5vcmcvMjAwMC9zdmciPjwvc3ZnPg==\" style=\"--smush-placeholder-width: 800px; --smush-placeholder-aspect-ratio: 800\/816;\" \/>\n\t<\/div>\n\n<\/div><\/div><\/div><div id=\"pgc-gb3723-69ee238a6e921-0-1\"  class=\"panel-grid-cell\" ><div id=\"panel-gb3723-69ee238a6e921-0-1-0\" class=\"so-panel widget widget_sow-editor panel-first-child panel-last-child\" data-index=\"1\" ><div\n\t\t\t\n\t\t\tclass=\"so-widget-sow-editor so-widget-sow-editor-base\"\n\t\t\t\n\t\t>\n<div class=\"siteorigin-widget-tinymce textwidget\">\n\t<h6><\/h6>\n<h6 style=\"text-align: center;\">A. GO\u00d2DIA GLAUX<\/h6>\n<p style=\"text-align: center;\">&#8217;Hedda&#8217;, genomg\u00e5nget MH, \u00f6gon ua<\/p>\n<\/div>\n<\/div><\/div><\/div><\/div><\/div>","protected":false},"excerpt":{"rendered":"<p>f. 23\/5 2021 efter; SPHl Prince Petipa\u2019s \u2013 KORAD Astolat\u2019s Endivia \u00c8xacum<\/p>\n","protected":false},"author":1,"featured_media":0,"parent":0,"menu_order":0,"comment_status":"closed","ping_status":"closed","template":"","meta":{"_vp_format_video_url":"","_vp_image_focal_point":[],"footnotes":""},"class_list":["post-3723","page","type-page","status-publish","hentry"],"_links":{"self":[{"href":"https:\/\/astolat.se\/index.php?rest_route=\/wp\/v2\/pages\/3723","targetHints":{"allow":["GET"]}}],"collection":[{"href":"https:\/\/astolat.se\/index.php?rest_route=\/wp\/v2\/pages"}],"about":[{"href":"https:\/\/astolat.se\/index.php?rest_route=\/wp\/v2\/types\/page"}],"author":[{"embeddable":true,"href":"https:\/\/astolat.se\/index.php?rest_route=\/wp\/v2\/users\/1"}],"replies":[{"embeddable":true,"href":"https:\/\/astolat.se\/index.php?rest_route=%2Fwp%2Fv2%2Fcomments&post=3723"}],"version-history":[{"count":45,"href":"https:\/\/astolat.se\/index.php?rest_route=\/wp\/v2\/pages\/3723\/revisions"}],"predecessor-version":[{"id":4640,"href":"https:\/\/astolat.se\/index.php?rest_route=\/wp\/v2\/pages\/3723\/revisions\/4640"}],"wp:attachment":[{"href":"https:\/\/astolat.se\/index.php?rest_route=%2Fwp%2Fv2%2Fmedia&parent=3723"}],"curies":[{"name":"wp","href":"https:\/\/api.w.org\/{rel}","templated":true}]}}